{"id":339,"date":"2021-12-01T11:19:56","date_gmt":"2021-12-01T10:19:56","guid":{"rendered":"http:\/\/www.sieapdd.fr\/?page_id=339"},"modified":"2021-12-01T11:23:44","modified_gmt":"2021-12-01T10:23:44","slug":"que-faire-en-cas-de-fuite","status":"publish","type":"page","link":"https:\/\/www.sieapdd.fr\/index.php\/que-faire-en-cas-de-fuite\/","title":{"rendered":"Que faire en cas de fuite ?"},"content":{"rendered":"\t\t<div data-elementor-type=\"wp-page\" data-elementor-id=\"339\" class=\"elementor elementor-339\" data-elementor-post-type=\"page\">\n\t\t\t\t\t\t<section class=\"elementor-section elementor-top-section elementor-element elementor-element-99fd42a elementor-section-stretched elementor-section-boxed elementor-section-height-default elementor-section-height-default\" data-id=\"99fd42a\" data-element_type=\"section\" data-e-type=\"section\" data-settings=\"{&quot;stretch_section&quot;:&quot;section-stretched&quot;}\">\n\t\t\t\t\t\t<div class=\"elementor-container elementor-column-gap-default\">\n\t\t\t\t\t<div class=\"elementor-column elementor-col-100 elementor-top-column elementor-element elementor-element-e9f21a8\" data-id=\"e9f21a8\" data-element_type=\"column\" data-e-type=\"column\">\n\t\t\t<div class=\"elementor-widget-wrap elementor-element-populated\">\n\t\t\t\t\t\t<div class=\"elementor-element elementor-element-96b851c elementor-widget elementor-widget-text-editor\" data-id=\"96b851c\" data-element_type=\"widget\" data-e-type=\"widget\" data-widget_type=\"text-editor.default\">\n\t\t\t\t<div class=\"elementor-widget-container\">\n\t\t\t\t\t\t\t\t\t<div style=\"text-align: justify; color: #606060; font-family: Arial, Helvetica, sans-serif; font-size: 15.008px;\"><p>Pour lutter contre le gaspillage et garantir les niveaux de performances exig\u00e9es par la r\u00e9glementation, le SIEA met en \u0153uvre des plans d\u2019action de recherche pr\u00e9ventif et de r\u00e9paration de fuite sur ses r\u00e9seaux.<\/p><h3 style=\"font-family: Montserrat_Bold; font-weight: normal; color: #0049c9; margin-top: 0px; margin-bottom: 20px; font-size: 26.0139px; text-align: start;\">A votre domicile<\/h3><p style=\"margin-bottom: 15px; line-height: 1.6; font-size: 15.008px; text-align: start;\">Pour savoir si votre installation pr\u00e9sente un signe de fuite, notez les chiffres de votre compteur d\u2019eau le soir avant de vous coucher. Le lendemain matin, avant toute utilisation d\u2019eau, relevez \u00e0 nouveau votre compteur d\u2019eau. Si les chiffres de votre compteur ont chang\u00e9, votre installation pr\u00e9sente peut-\u00eatre une fuite d\u2019eau.<\/p><p style=\"margin-bottom: 15px; line-height: 1.6; font-size: 15.008px; text-align: start;\">Si vous \u00eates dans ce cas, refaites l\u2019exp\u00e9rience en v\u00e9rifiant bien que tous les appareils pouvant consommer inopin\u00e9ment de l\u2019eau sont \u00e9teints ou ferm\u00e9s. Suivez ensuite les tuyauteries pour rep\u00e9rer des traces \u00e9ventuelles d\u2019humidit\u00e9, contr\u00f4lez vos raccords sur votre robinetterie, m\u00e9canisme de chasse d\u2019eau WC et groupe de s\u00e9curit\u00e9 du chauffe-eau \u00e9lectrique.<\/p><p style=\"margin-bottom: 15px; line-height: 1.6; font-size: 15.008px; text-align: start;\">Une fuite fait g\u00e9n\u00e9ralement du bruit, utilisez \u00e9galement votre oreille pour la d\u00e9celer. Si vous ne trouvez pas l\u2019origine de la fuite, faites appel \u00e0 un professionnel.<\/p><p style=\"margin-bottom: 15px; line-height: 1.6; font-size: 15.008px; text-align: start;\">Ne tardez pas \u00e0 faire r\u00e9parer l\u2019anomalie, les volumes engendr\u00e9s par une fuite peuvent augmenter consid\u00e9rablement votre facture.<\/p><p>\u00a0<\/p><\/div><div style=\"text-align: justify; clear: both; margin: 0px 0px 25px; color: #606060; font-family: Arial, Helvetica, sans-serif; font-size: 15.008px;\">\u00a0Les d\u00e9gr\u00e8vements (r\u00e9ductions de factures) sont soumis au dispositif de la loi Warsmann :<\/div><div style=\"text-align: justify; clear: both; margin: 0px 0px 25px; color: #606060; font-family: Arial, Helvetica, sans-serif; font-size: 15.008px;\"><span style=\"font-weight: bold; color: #404040; font-family: Verdana, Geneva, Arial, Helvetica, sans-serif; font-size: 20px;\">Depuis le 1er juillet 2013, la Loi Warsmann prot\u00e8ge les abonn\u00e9s au service d\u2019eau en cas de fuites.<\/span><\/div><div style=\"text-align: justify; clear: both; margin: 0px 0px 25px; color: #606060; font-family: Arial, Helvetica, sans-serif; font-size: 15.008px;\"><p style=\"margin-top: 12px; margin-bottom: 12px; padding: 0px; color: #404040; font-family: Verdana, Geneva, Arial, Helvetica, sans-serif; font-size: 20px;\">Le distributeur d\u2019eau se doit d\u2019avertir l\u2019usager, dans les plus brefs d\u00e9lais, qu\u2019une augmentation anormale en eau a \u00e9t\u00e9 d\u00e9tect\u00e9e, ainsi la partie \u00ab\u00a0<em>perte d\u2019eau<\/em>\u00a0\u00bb est calcul\u00e9e puis vous ai\u00a0<span style=\"font-weight: bold;\">rembours\u00e9e \u00e0 moiti\u00e9 du volume d\u2019eau surconsomm\u00e9<\/span>.<\/p><p style=\"margin-top: 12px; margin-bottom: 12px; padding: 0px; color: #404040; font-family: Verdana, Geneva, Arial, Helvetica, sans-serif; font-size: 20px;\">Le montant de la facture d\u2019eau ne peut exc\u00e9der le double de la consommation habituelle et, est alors plafonn\u00e9.<\/p><p style=\"margin-top: 12px; margin-bottom: 12px; padding: 0px; color: #404040; font-family: Verdana, Geneva, Arial, Helvetica, sans-serif; font-size: 20px;\">Une consommation d\u2019eau est dite anormale si elle est deux fois plus importante que la consommation moyenne observ\u00e9e sur votre habitation au cours des trois derni\u00e8res ann\u00e9es.<\/p><p style=\"margin-top: 12px; margin-bottom: 12px; padding: 0px; color: #404040; font-family: Verdana, Geneva, Arial, Helvetica, sans-serif; font-size: 20px;\">Si le r\u00e9sident occupe les lieux depuis moins de trois ans, alors le service des eaux se base sur la consommation de r\u00e9f\u00e9rence.<\/p><p style=\"margin-top: 12px; margin-bottom: 12px; padding: 0px; color: #404040; font-family: Verdana, Geneva, Arial, Helvetica, sans-serif; font-size: 20px;\">Concernant votre distributeur d\u2019eau, cette obligation s\u2019impose imp\u00e9rativement \u00e0 tous : entreprises priv\u00e9es concessionnaires comme r\u00e9gies publiques.<\/p><p style=\"margin-top: 12px; margin-bottom: 12px; padding: 0px; color: #404040; font-family: Verdana, Geneva, Arial, Helvetica, sans-serif; font-size: 20px; background-color: rgba(255, 87, 34, 0.65);\">Apr\u00e8s avoir \u00e9t\u00e9 pr\u00e9venu, la personne victime du d\u00e9g\u00e2t des eaux\u00a0<span style=\"font-weight: bold;\">dispose d\u2019un mois afin de localiser d\u2019o\u00f9 provient la fuite<\/span>\u00a0et de pr\u00e9senter l\u2019attestation de l\u2019entreprise de plomberie qui a r\u00e9par\u00e9 la canalisation d\u2019eau.<\/p><p style=\"margin-top: 12px; margin-bottom: 12px; padding: 0px; color: #404040; font-family: Verdana, Geneva, Arial, Helvetica, sans-serif; font-size: 20px; background-color: rgba(255, 87, 34, 0.65);\">Si vous d\u00e9couvrez par vous-m\u00eame une fuite d\u2019eau, il faudra dans un premier temps contacter la r\u00e9gie qui va vous indiquer les d\u00e9marches \u00e0 suivre. Certains distributeurs d\u2019eau exigent de r\u00e9diger un constat avant r\u00e9paration lorsque la fuite est localis\u00e9e.<\/p><div style=\"text-align: start; zoom: 1; opacity: 1; animation: 1s ease 0s 1 normal none running fl-bounce; transform-origin: center bottom; color: #404040; font-family: Verdana, Geneva, Arial, Helvetica, sans-serif; font-size: 20px;\" data-node=\"5f0304ce22abd\" data-animation-delay=\"0\" data-animation-duration=\"1\"><div style=\"zoom: 1; margin: 20px;\"><h3 style=\"font-family: Dosis, Arial, 'Arial Unicode MS', Helvetica, sans-serif; color: #2472a5; font-size: 36px; text-align: center; margin-top: 0px !important; margin-bottom: 0px !important; padding: 0px !important;\">Afin de b\u00e9n\u00e9ficier des avantages de la Loi Warsmann, il faut r\u00e9pondre aux quatre crit\u00e8res suivants :<\/h3><\/div><\/div><div style=\"text-align: start; zoom: 1; color: #404040; font-family: Verdana, Geneva, Arial, Helvetica, sans-serif; font-size: 20px;\" data-node=\"5f0304e3a0110\"><div style=\"zoom: 1; margin: 20px;\"><div><ol style=\"margin: 1em 0px 1em 26px; padding: 0px; list-style-position: inside;\"><li style=\"margin: 0px; padding: 0px; font-size: 18px; color: #141414; overflow: visible;\">Vous \u00eates un particulier et le sinistre concerne votre local d\u2019habitation,<\/li><li style=\"margin: 0px; padding: 0px; font-size: 18px; color: #141414; overflow: visible;\">La fuite d\u2019eau touche vos canalisations d\u2019eau potable,<\/li><li style=\"margin: 0px; padding: 0px; font-size: 18px; color: #141414; overflow: visible;\">Vous avez fait r\u00e9parer la fuite par un professionnel apr\u00e8s avoir \u00e9t\u00e9 inform\u00e9 de cette surconsommation,<\/li><li style=\"margin: 0px; padding: 0px; font-size: 18px; color: #141414; overflow: visible;\">Vous avez, en un d\u00e9lai d\u2019un mois, fourni \u00e0 votre distributeur d\u2019eau l\u2019attestation de l\u2019entreprise de plomberie qui a effectu\u00e9 la r\u00e9paration avec la date de l\u2019intervention du plombier et la localisation des d\u00e9g\u00e2ts.<\/li><\/ol><\/div><\/div><\/div><\/div>\t\t\t\t\t\t\t\t<\/div>\n\t\t\t\t<\/div>\n\t\t\t\t\t<\/div>\n\t\t<\/div>\n\t\t\t\t\t<\/div>\n\t\t<\/section>\n\t\t\t\t<\/div>\n\t\t","protected":false},"excerpt":{"rendered":"<p>Pour lutter contre le gaspillage et garantir les niveaux de performances exig\u00e9es par la r\u00e9glementation, le SIEA met en \u0153uvre des plans [&hellip;]<\/p>\n","protected":false},"author":1,"featured_media":0,"parent":0,"menu_order":0,"comment_status":"closed","ping_status":"closed","template":"","meta":{"footnotes":""},"class_list":["post-339","page","type-page","status-publish","hentry"],"_links":{"self":[{"href":"https:\/\/www.sieapdd.fr\/index.php\/wp-json\/wp\/v2\/pages\/339","targetHints":{"allow":["GET"]}}],"collection":[{"href":"https:\/\/www.sieapdd.fr\/index.php\/wp-json\/wp\/v2\/pages"}],"about":[{"href":"https:\/\/www.sieapdd.fr\/index.php\/wp-json\/wp\/v2\/types\/page"}],"author":[{"embeddable":true,"href":"https:\/\/www.sieapdd.fr\/index.php\/wp-json\/wp\/v2\/users\/1"}],"replies":[{"embeddable":true,"href":"https:\/\/www.sieapdd.fr\/index.php\/wp-json\/wp\/v2\/comments?post=339"}],"version-history":[{"count":7,"href":"https:\/\/www.sieapdd.fr\/index.php\/wp-json\/wp\/v2\/pages\/339\/revisions"}],"predecessor-version":[{"id":346,"href":"https:\/\/www.sieapdd.fr\/index.php\/wp-json\/wp\/v2\/pages\/339\/revisions\/346"}],"wp:attachment":[{"href":"https:\/\/www.sieapdd.fr\/index.php\/wp-json\/wp\/v2\/media?parent=339"}],"curies":[{"name":"wp","href":"https:\/\/api.w.org\/{rel}","templated":true}]}}