{"id":143,"date":"2021-11-02T14:50:38","date_gmt":"2021-11-02T13:50:38","guid":{"rendered":"http:\/\/www.sieapdd.fr\/?page_id=143"},"modified":"2023-01-17T08:57:22","modified_gmt":"2023-01-17T07:57:22","slug":"comite-syndical","status":"publish","type":"page","link":"https:\/\/www.sieapdd.fr\/index.php\/comite-syndical\/","title":{"rendered":"Comit\u00e9 syndical"},"content":{"rendered":"\t\t<div data-elementor-type=\"wp-page\" data-elementor-id=\"143\" class=\"elementor elementor-143\" data-elementor-post-type=\"page\">\n\t\t\t\t\t\t<section class=\"elementor-section elementor-top-section elementor-element elementor-element-219c3aa elementor-section-boxed elementor-section-height-default elementor-section-height-default\" data-id=\"219c3aa\" data-element_type=\"section\" data-e-type=\"section\">\n\t\t\t\t\t\t<div class=\"elementor-container elementor-column-gap-default\">\n\t\t\t\t\t<div class=\"elementor-column elementor-col-100 elementor-top-column elementor-element elementor-element-ef1be56\" data-id=\"ef1be56\" data-element_type=\"column\" data-e-type=\"column\">\n\t\t\t<div class=\"elementor-widget-wrap elementor-element-populated\">\n\t\t\t\t\t\t<div class=\"elementor-element elementor-element-719d6b7 elementor-widget elementor-widget-image\" data-id=\"719d6b7\" data-element_type=\"widget\" data-e-type=\"widget\" data-widget_type=\"image.default\">\n\t\t\t\t<div class=\"elementor-widget-container\">\n\t\t\t\t\t\t\t\t\t\t\t\t\t\t\t<img decoding=\"async\" width=\"217\" height=\"109\" src=\"https:\/\/www.sieapdd.fr\/wp-content\/uploads\/2021\/07\/logosiea.png\" class=\"attachment-large size-large wp-image-17\" alt=\"\" \/>\t\t\t\t\t\t\t\t\t\t\t\t\t\t\t<\/div>\n\t\t\t\t<\/div>\n\t\t\t\t\t<\/div>\n\t\t<\/div>\n\t\t\t\t\t<\/div>\n\t\t<\/section>\n\t\t\t\t<section class=\"elementor-section elementor-top-section elementor-element elementor-element-91ae00a elementor-section-stretched elementor-section-boxed elementor-section-height-default elementor-section-height-default\" data-id=\"91ae00a\" data-element_type=\"section\" data-e-type=\"section\" data-settings=\"{&quot;stretch_section&quot;:&quot;section-stretched&quot;}\">\n\t\t\t\t\t\t<div class=\"elementor-container elementor-column-gap-default\">\n\t\t\t\t\t<div class=\"elementor-column elementor-col-33 elementor-top-column elementor-element elementor-element-ab1a6ab\" data-id=\"ab1a6ab\" data-element_type=\"column\" data-e-type=\"column\">\n\t\t\t<div class=\"elementor-widget-wrap elementor-element-populated\">\n\t\t\t\t\t\t<div class=\"elementor-element elementor-element-85e572a elementor-widget elementor-widget-text-editor\" data-id=\"85e572a\" data-element_type=\"widget\" data-e-type=\"widget\" data-widget_type=\"text-editor.default\">\n\t\t\t\t<div class=\"elementor-widget-container\">\n\t\t\t\t\t\t\t\t\t<h4><a href=\"http:\/\/www.sieapdd.fr\/wp-content\/uploads\/2021\/12\/Les-elus.pdf\">Les \u00e9lus<\/a><\/h4>\t\t\t\t\t\t\t\t<\/div>\n\t\t\t\t<\/div>\n\t\t\t\t\t<\/div>\n\t\t<\/div>\n\t\t\t\t<div class=\"elementor-column elementor-col-33 elementor-top-column elementor-element elementor-element-88617b6\" data-id=\"88617b6\" data-element_type=\"column\" data-e-type=\"column\">\n\t\t\t<div class=\"elementor-widget-wrap elementor-element-populated\">\n\t\t\t\t\t\t<div class=\"elementor-element elementor-element-c4cef48 elementor-widget elementor-widget-heading\" data-id=\"c4cef48\" data-element_type=\"widget\" data-e-type=\"widget\" data-widget_type=\"heading.default\">\n\t\t\t\t<div class=\"elementor-widget-container\">\n\t\t\t\t\t<h2 class=\"elementor-heading-title elementor-size-large\">Les d\u00e9lib\u00e9rations<\/h2>\t\t\t\t<\/div>\n\t\t\t\t<\/div>\n\t\t\t\t\t<\/div>\n\t\t<\/div>\n\t\t\t\t<div class=\"elementor-column elementor-col-33 elementor-top-column elementor-element elementor-element-9754716\" data-id=\"9754716\" data-element_type=\"column\" data-e-type=\"column\">\n\t\t\t<div class=\"elementor-widget-wrap elementor-element-populated\">\n\t\t\t\t\t\t<div class=\"elementor-element elementor-element-3314c5c elementor-widget elementor-widget-heading\" data-id=\"3314c5c\" data-element_type=\"widget\" data-e-type=\"widget\" data-widget_type=\"heading.default\">\n\t\t\t\t<div class=\"elementor-widget-container\">\n\t\t\t\t\t<h2 class=\"elementor-heading-title elementor-size-large\">Les comptes rendus des comit\u00e9s syndicaux<\/h2>\t\t\t\t<\/div>\n\t\t\t\t<\/div>\n\t\t\t\t\t<\/div>\n\t\t<\/div>\n\t\t\t\t\t<\/div>\n\t\t<\/section>\n\t\t\t\t<section class=\"elementor-section elementor-top-section elementor-element elementor-element-7f00e51 elementor-section-stretched elementor-section-boxed elementor-section-height-default elementor-section-height-default\" data-id=\"7f00e51\" data-element_type=\"section\" data-e-type=\"section\" data-settings=\"{&quot;stretch_section&quot;:&quot;section-stretched&quot;}\">\n\t\t\t\t\t\t<div class=\"elementor-container elementor-column-gap-default\">\n\t\t\t\t\t<div class=\"elementor-column elementor-col-33 elementor-top-column elementor-element elementor-element-5c99062\" data-id=\"5c99062\" data-element_type=\"column\" data-e-type=\"column\">\n\t\t\t<div class=\"elementor-widget-wrap\">\n\t\t\t\t\t\t\t<\/div>\n\t\t<\/div>\n\t\t\t\t<div class=\"elementor-column elementor-col-33 elementor-top-column elementor-element elementor-element-f04607a\" data-id=\"f04607a\" data-element_type=\"column\" data-e-type=\"column\">\n\t\t\t<div class=\"elementor-widget-wrap elementor-element-populated\">\n\t\t\t\t\t\t<div class=\"elementor-element elementor-element-16956ed elementor-widget elementor-widget-text-editor\" data-id=\"16956ed\" data-element_type=\"widget\" data-e-type=\"widget\" data-widget_type=\"text-editor.default\">\n\t\t\t\t<div class=\"elementor-widget-container\">\n\t\t\t\t\t\t\t\t\t<p><strong>ANNEE 2021<\/strong><\/p><p><strong><br><\/strong><\/p>\t\t\t\t\t\t\t\t<\/div>\n\t\t\t\t<\/div>\n\t\t\t\t\t<\/div>\n\t\t<\/div>\n\t\t\t\t<div class=\"elementor-column elementor-col-33 elementor-top-column elementor-element elementor-element-4fad97c\" data-id=\"4fad97c\" data-element_type=\"column\" data-e-type=\"column\">\n\t\t\t<div class=\"elementor-widget-wrap elementor-element-populated\">\n\t\t\t\t\t\t<div class=\"elementor-element elementor-element-456da9f elementor-widget elementor-widget-text-editor\" data-id=\"456da9f\" data-element_type=\"widget\" data-e-type=\"widget\" data-widget_type=\"text-editor.default\">\n\t\t\t\t<div class=\"elementor-widget-container\">\n\t\t\t\t\t\t\t\t\t<div><p><strong>ANNEE 2021 2022<\/strong><\/p><\/div><ul><li><a href=\"http:\/\/www.sieapdd.fr\/wp-content\/uploads\/2023\/01\/CRCS2012022.pdf\">CRCS20122022<\/a><\/li><li><a href=\"http:\/\/www.sieapdd.fr\/wp-content\/uploads\/2023\/01\/CRCS28092022.pdf\">CRCS28092022<\/a><\/li><li><a href=\"http:\/\/www.sieapdd.fr\/wp-content\/uploads\/2022\/04\/CRCS04042022.pdf\">CRCS04042022<\/a><\/li><li><a href=\"http:\/\/www.sieapdd.fr\/wp-content\/uploads\/2021\/12\/CRCS21122021-1.pdf\" target=\"_blank\" rel=\"noopener\">CRCS21122021<\/a><\/li><li><a href=\"http:\/\/www.sieapdd.fr\/wp-content\/uploads\/2021\/11\/CRCS27102021.pdf\" target=\"_blank\" rel=\"noopener\">CRCS27102021<\/a><\/li><li><a href=\"http:\/\/www.sieapdd.fr\/wp-content\/uploads\/2021\/11\/CRCS14042021.pdf\" target=\"_blank\" rel=\"noopener\">CRCS14042021<\/a><\/li><li><a href=\"http:\/\/www.sieapdd.fr\/wp-content\/uploads\/2021\/11\/CR17022021Mod.pdf\" target=\"_blank\" rel=\"noopener\">CRCS17022021<\/a><\/li><\/ul>\t\t\t\t\t\t\t\t<\/div>\n\t\t\t\t<\/div>\n\t\t\t\t\t<\/div>\n\t\t<\/div>\n\t\t\t\t\t<\/div>\n\t\t<\/section>\n\t\t\t\t<section class=\"elementor-section elementor-top-section elementor-element elementor-element-76c8b6c elementor-section-stretched elementor-section-boxed elementor-section-height-default elementor-section-height-default\" data-id=\"76c8b6c\" data-element_type=\"section\" data-e-type=\"section\" data-settings=\"{&quot;stretch_section&quot;:&quot;section-stretched&quot;}\">\n\t\t\t\t\t\t<div class=\"elementor-container elementor-column-gap-default\">\n\t\t\t\t\t<div class=\"elementor-column elementor-col-33 elementor-top-column elementor-element elementor-element-390e679\" data-id=\"390e679\" data-element_type=\"column\" data-e-type=\"column\">\n\t\t\t<div class=\"elementor-widget-wrap\">\n\t\t\t\t\t\t\t<\/div>\n\t\t<\/div>\n\t\t\t\t<div class=\"elementor-column elementor-col-33 elementor-top-column elementor-element elementor-element-2c4480c\" data-id=\"2c4480c\" data-element_type=\"column\" data-e-type=\"column\">\n\t\t\t<div class=\"elementor-widget-wrap\">\n\t\t\t\t\t\t\t<\/div>\n\t\t<\/div>\n\t\t\t\t<div class=\"elementor-column elementor-col-33 elementor-top-column elementor-element elementor-element-bf0c995\" data-id=\"bf0c995\" data-element_type=\"column\" data-e-type=\"column\">\n\t\t\t<div class=\"elementor-widget-wrap elementor-element-populated\">\n\t\t\t\t\t\t<div class=\"elementor-element elementor-element-c61989b elementor-widget elementor-widget-text-editor\" data-id=\"c61989b\" data-element_type=\"widget\" data-e-type=\"widget\" data-widget_type=\"text-editor.default\">\n\t\t\t\t<div class=\"elementor-widget-container\">\n\t\t\t\t\t\t\t\t\t<p><strong>ANNEE 2020<\/strong><\/p><ul><li><a href=\"http:\/\/www.sieapdd.fr\/wp-content\/uploads\/2021\/12\/CRCS0712020.pdf\" target=\"_blank\" rel=\"noopener\">CRCS07122020<\/a><\/li><li><a href=\"http:\/\/www.sieapdd.fr\/wp-content\/uploads\/2021\/12\/CR30092020VF.pdf\" target=\"_blank\" rel=\"noopener\">CRCS30092020<\/a><\/li><li><a href=\"http:\/\/www.sieapdd.fr\/wp-content\/uploads\/2021\/12\/CRCS22072020.pdf\" target=\"_blank\" rel=\"noopener\">CRCS22072020<\/a><\/li><li><a href=\"http:\/\/www.sieapdd.fr\/wp-content\/uploads\/2021\/12\/CR10032020.pdf\" target=\"_blank\" rel=\"noopener\">CRCS10032020<\/a><\/li><\/ul>\t\t\t\t\t\t\t\t<\/div>\n\t\t\t\t<\/div>\n\t\t\t\t\t<\/div>\n\t\t<\/div>\n\t\t\t\t\t<\/div>\n\t\t<\/section>\n\t\t\t\t<\/div>\n\t\t","protected":false},"excerpt":{"rendered":"<p>Les \u00e9lus Les d\u00e9lib\u00e9rations Les comptes rendus des comit\u00e9s syndicaux ANNEE 2021 ANNEE 2021 2022 CRCS20122022 CRCS28092022 CRCS04042022 CRCS21122021 CRCS27102021 CRCS14042021 CRCS17022021 [&hellip;]<\/p>\n","protected":false},"author":1,"featured_media":0,"parent":0,"menu_order":0,"comment_status":"closed","ping_status":"closed","template":"","meta":{"footnotes":""},"class_list":["post-143","page","type-page","status-publish","hentry"],"_links":{"self":[{"href":"https:\/\/www.sieapdd.fr\/index.php\/wp-json\/wp\/v2\/pages\/143","targetHints":{"allow":["GET"]}}],"collection":[{"href":"https:\/\/www.sieapdd.fr\/index.php\/wp-json\/wp\/v2\/pages"}],"about":[{"href":"https:\/\/www.sieapdd.fr\/index.php\/wp-json\/wp\/v2\/types\/page"}],"author":[{"embeddable":true,"href":"https:\/\/www.sieapdd.fr\/index.php\/wp-json\/wp\/v2\/users\/1"}],"replies":[{"embeddable":true,"href":"https:\/\/www.sieapdd.fr\/index.php\/wp-json\/wp\/v2\/comments?post=143"}],"version-history":[{"count":49,"href":"https:\/\/www.sieapdd.fr\/index.php\/wp-json\/wp\/v2\/pages\/143\/revisions"}],"predecessor-version":[{"id":824,"href":"https:\/\/www.sieapdd.fr\/index.php\/wp-json\/wp\/v2\/pages\/143\/revisions\/824"}],"wp:attachment":[{"href":"https:\/\/www.sieapdd.fr\/index.php\/wp-json\/wp\/v2\/media?parent=143"}],"curies":[{"name":"wp","href":"https:\/\/api.w.org\/{rel}","templated":true}]}}